{"id":45766,"date":"2019-08-26T15:10:53","date_gmt":"2019-08-26T13:10:53","guid":{"rendered":"https:\/\/www.fortuny.shop\/shop\/non%20class\u00e9\/coussin-carre-en-velours-rouge-carmin-ottomano\/"},"modified":"2024-09-24T12:38:01","modified_gmt":"2024-09-24T10:38:01","slug":"coussin-carre-imprime-velours-carmin-rouge-13c45-ott-14v","status":"publish","type":"product","link":"https:\/\/www.delphos.com\/fr\/shop\/coussins\/ottomano-velour\/coussin-carre-imprime-velours-carmin-rouge-13c45-ott-14v\/","title":{"rendered":"Coussin carr\u00e9 en velours imprim\u00e9 | Ottomano Cannelle"},"content":{"rendered":"<p>Ce coussin carr\u00e9 en velours imprim\u00e9 Ottomano est imprim\u00e9 \u00e0 la main avec du m\u00e9tal. Le motif distinctif \u00e9voque le myst\u00e8re et la magie de Byzance.<\/p>\n","protected":false},"excerpt":{"rendered":"<p>Le motif distinctif \u00e9voque le myst\u00e8re et la magie de Byzance.<\/p>\n","protected":false},"featured_media":127997,"comment_status":"open","ping_status":"closed","template":"","meta":{"_acf_changed":false},"product_brand":[],"product_cat":[396,3231],"product_tag":[],"class_list":{"0":"post-45766","1":"product","2":"type-product","3":"status-publish","4":"has-post-thumbnail","6":"product_cat-coussins","7":"product_cat-ottomano-velour","8":"product_shipping_class-standard-fr","9":"pa_color-cannelle","10":"pa_material-velours-viscose-59-coton-41","11":"pa_print-style-ottomano-fr","12":"yith_product_brand-delphos-fr","14":"first","15":"instock","16":"taxable","17":"shipping-taxable","18":"purchasable","19":"product-type-variable"},"acf":[],"_links":{"self":[{"href":"https:\/\/www.delphos.com\/fr\/wp-json\/wp\/v2\/product\/45766","targetHints":{"allow":["GET"]}}],"collection":[{"href":"https:\/\/www.delphos.com\/fr\/wp-json\/wp\/v2\/product"}],"about":[{"href":"https:\/\/www.delphos.com\/fr\/wp-json\/wp\/v2\/types\/product"}],"replies":[{"embeddable":true,"href":"https:\/\/www.delphos.com\/fr\/wp-json\/wp\/v2\/comments?post=45766"}],"wp:featuredmedia":[{"embeddable":true,"href":"https:\/\/www.delphos.com\/fr\/wp-json\/wp\/v2\/media\/127997"}],"wp:attachment":[{"href":"https:\/\/www.delphos.com\/fr\/wp-json\/wp\/v2\/media?parent=45766"}],"wp:term":[{"taxonomy":"product_brand","embeddable":true,"href":"https:\/\/www.delphos.com\/fr\/wp-json\/wp\/v2\/product_brand?post=45766"},{"taxonomy":"product_cat","embeddable":true,"href":"https:\/\/www.delphos.com\/fr\/wp-json\/wp\/v2\/product_cat?post=45766"},{"taxonomy":"product_tag","embeddable":true,"href":"https:\/\/www.delphos.com\/fr\/wp-json\/wp\/v2\/product_tag?post=45766"}],"curies":[{"name":"wp","href":"https:\/\/api.w.org\/{rel}","templated":true}]}}