{"id":47463,"date":"2019-08-02T10:29:43","date_gmt":"2019-08-02T08:29:43","guid":{"rendered":"https:\/\/www.fortuny.shop\/shop\/non%20class\u00e9\/coussin-arrondi-en-velours-fronce-bleu-sarcelle-fonce\/"},"modified":"2024-09-26T14:20:42","modified_gmt":"2024-09-26T12:20:42","slug":"coussin-arrondi-bleu-sarcelle-fonce-6c40-55","status":"publish","type":"product","link":"https:\/\/www.delphos.com\/fr\/shop\/coussins\/coussins-ronds\/coussin-arrondi-bleu-sarcelle-fonce-6c40-55\/","title":{"rendered":"Coussin rond en velours pliss\u00e9 sarcelle"},"content":{"rendered":"<p>Ce coussin arrondi bleu sarcelle fonc\u00e9 a un diam\u00e8tre de 40 cm, un tissu en velours de soie et un rembourrage en oie 100 % naturelle.<\/p>\n","protected":false},"excerpt":{"rendered":"<p>Ce coussin a un diam\u00e8tre de 40 cm, velours de soie et rembourr\u00e9 100 % \u00e0 la plume d\u2019oie naturelle.<\/p>\n","protected":false},"featured_media":128900,"comment_status":"open","ping_status":"closed","template":"","meta":{"_acf_changed":false},"product_brand":[],"product_cat":[396,8979],"product_tag":[],"class_list":{"0":"post-47463","1":"product","2":"type-product","3":"status-publish","4":"has-post-thumbnail","6":"product_cat-coussins","7":"product_cat-coussins-ronds","8":"pa_color-bleu-sarcelle-fonce","9":"pa_material-velours-de-soie-80-viscose-20-soie","10":"yith_product_brand-delphos-fr","12":"first","13":"instock","14":"taxable","15":"shipping-taxable","16":"purchasable","17":"product-type-simple"},"acf":[],"_links":{"self":[{"href":"https:\/\/www.delphos.com\/fr\/wp-json\/wp\/v2\/product\/47463","targetHints":{"allow":["GET"]}}],"collection":[{"href":"https:\/\/www.delphos.com\/fr\/wp-json\/wp\/v2\/product"}],"about":[{"href":"https:\/\/www.delphos.com\/fr\/wp-json\/wp\/v2\/types\/product"}],"replies":[{"embeddable":true,"href":"https:\/\/www.delphos.com\/fr\/wp-json\/wp\/v2\/comments?post=47463"}],"wp:featuredmedia":[{"embeddable":true,"href":"https:\/\/www.delphos.com\/fr\/wp-json\/wp\/v2\/media\/128900"}],"wp:attachment":[{"href":"https:\/\/www.delphos.com\/fr\/wp-json\/wp\/v2\/media?parent=47463"}],"wp:term":[{"taxonomy":"product_brand","embeddable":true,"href":"https:\/\/www.delphos.com\/fr\/wp-json\/wp\/v2\/product_brand?post=47463"},{"taxonomy":"product_cat","embeddable":true,"href":"https:\/\/www.delphos.com\/fr\/wp-json\/wp\/v2\/product_cat?post=47463"},{"taxonomy":"product_tag","embeddable":true,"href":"https:\/\/www.delphos.com\/fr\/wp-json\/wp\/v2\/product_tag?post=47463"}],"curies":[{"name":"wp","href":"https:\/\/api.w.org\/{rel}","templated":true}]}}