{"id":47499,"date":"2019-07-26T17:47:41","date_gmt":"2019-07-26T15:47:41","guid":{"rendered":"https:\/\/www.fortuny.shop\/shop\/non%20class\u00e9\/coussin-arrondi-en-velours-fronce-aubergine\/"},"modified":"2024-09-26T14:26:03","modified_gmt":"2024-09-26T12:26:03","slug":"coussin-arrondi-aubergine-6c40-30","status":"publish","type":"product","link":"https:\/\/www.delphos.com\/fr\/shop\/coussins\/coussins-ronds\/coussin-arrondi-aubergine-6c40-30\/","title":{"rendered":"Coussin rond en velours sillonn\u00e9 aubergine"},"content":{"rendered":"<p>Ce coussin a un diam\u00e8tre de 40 cm, velours de soie et rembourr\u00e9 100 % \u00e0 la plume d\u2019oie naturelle.<\/p>\n","protected":false},"excerpt":{"rendered":"<p>Ce coussin a un diam\u00e8tre de 40 cm, velours de soie et rembourr\u00e9 100 % \u00e0 la plume d\u2019oie naturelle.<\/p>\n","protected":false},"featured_media":129037,"comment_status":"open","ping_status":"closed","template":"","meta":{"_acf_changed":false},"product_brand":[],"product_cat":[396,8979],"product_tag":[],"class_list":{"0":"post-47499","1":"product","2":"type-product","3":"status-publish","4":"has-post-thumbnail","6":"product_cat-coussins","7":"product_cat-coussins-ronds","8":"pa_color-aubergine-fr","9":"pa_material-velours-de-soie-80-viscose-20-soie","10":"yith_product_brand-delphos-fr","12":"first","13":"instock","14":"taxable","15":"shipping-taxable","16":"purchasable","17":"product-type-simple"},"acf":[],"_links":{"self":[{"href":"https:\/\/www.delphos.com\/fr\/wp-json\/wp\/v2\/product\/47499","targetHints":{"allow":["GET"]}}],"collection":[{"href":"https:\/\/www.delphos.com\/fr\/wp-json\/wp\/v2\/product"}],"about":[{"href":"https:\/\/www.delphos.com\/fr\/wp-json\/wp\/v2\/types\/product"}],"replies":[{"embeddable":true,"href":"https:\/\/www.delphos.com\/fr\/wp-json\/wp\/v2\/comments?post=47499"}],"wp:featuredmedia":[{"embeddable":true,"href":"https:\/\/www.delphos.com\/fr\/wp-json\/wp\/v2\/media\/129037"}],"wp:attachment":[{"href":"https:\/\/www.delphos.com\/fr\/wp-json\/wp\/v2\/media?parent=47499"}],"wp:term":[{"taxonomy":"product_brand","embeddable":true,"href":"https:\/\/www.delphos.com\/fr\/wp-json\/wp\/v2\/product_brand?post=47499"},{"taxonomy":"product_cat","embeddable":true,"href":"https:\/\/www.delphos.com\/fr\/wp-json\/wp\/v2\/product_cat?post=47499"},{"taxonomy":"product_tag","embeddable":true,"href":"https:\/\/www.delphos.com\/fr\/wp-json\/wp\/v2\/product_tag?post=47499"}],"curies":[{"name":"wp","href":"https:\/\/api.w.org\/{rel}","templated":true}]}}