{"id":50513,"date":"2019-08-01T17:58:22","date_gmt":"2019-08-01T15:58:22","guid":{"rendered":"https:\/\/www.fortuny.shop\/shop\/non%20class\u00e9\/coussin-arrondi-en-velours-fronce-noir\/"},"modified":"2024-09-26T14:23:36","modified_gmt":"2024-09-26T12:23:36","slug":"coussin-arrondi-noir-6c40-72","status":"publish","type":"product","link":"https:\/\/www.delphos.com\/fr\/shop\/coussins\/coussins-ronds\/coussin-arrondi-noir-6c40-72\/","title":{"rendered":"Coussin rond noir en velours sillonn\u00e9"},"content":{"rendered":"<p>Ce coussin arrondi en velours noir sillonn\u00e9 a un diam\u00e8tre de 40 cm, un tissu en velours de soie et un rembourrage en oie 100 % naturelle.<\/p>\n","protected":false},"excerpt":{"rendered":"<p>Ce coussin a un diam\u00e8tre de 40 cm, velours de soie et rembourr\u00e9 100 % \u00e0 la plume d\u2019oie naturelle.<\/p>\n","protected":false},"featured_media":128989,"comment_status":"open","ping_status":"closed","template":"","meta":{"_acf_changed":false},"product_brand":[],"product_cat":[396,8979],"product_tag":[],"class_list":{"0":"post-50513","1":"product","2":"type-product","3":"status-publish","4":"has-post-thumbnail","6":"product_cat-coussins","7":"product_cat-coussins-ronds","8":"pa_color-black-noire","9":"pa_material-velours-de-soie-80-viscose-20-soie","10":"yith_product_brand-delphos-fr","12":"first","13":"instock","14":"taxable","15":"shipping-taxable","16":"purchasable","17":"product-type-simple"},"acf":[],"_links":{"self":[{"href":"https:\/\/www.delphos.com\/fr\/wp-json\/wp\/v2\/product\/50513","targetHints":{"allow":["GET"]}}],"collection":[{"href":"https:\/\/www.delphos.com\/fr\/wp-json\/wp\/v2\/product"}],"about":[{"href":"https:\/\/www.delphos.com\/fr\/wp-json\/wp\/v2\/types\/product"}],"replies":[{"embeddable":true,"href":"https:\/\/www.delphos.com\/fr\/wp-json\/wp\/v2\/comments?post=50513"}],"wp:featuredmedia":[{"embeddable":true,"href":"https:\/\/www.delphos.com\/fr\/wp-json\/wp\/v2\/media\/128989"}],"wp:attachment":[{"href":"https:\/\/www.delphos.com\/fr\/wp-json\/wp\/v2\/media?parent=50513"}],"wp:term":[{"taxonomy":"product_brand","embeddable":true,"href":"https:\/\/www.delphos.com\/fr\/wp-json\/wp\/v2\/product_brand?post=50513"},{"taxonomy":"product_cat","embeddable":true,"href":"https:\/\/www.delphos.com\/fr\/wp-json\/wp\/v2\/product_cat?post=50513"},{"taxonomy":"product_tag","embeddable":true,"href":"https:\/\/www.delphos.com\/fr\/wp-json\/wp\/v2\/product_tag?post=50513"}],"curies":[{"name":"wp","href":"https:\/\/api.w.org\/{rel}","templated":true}]}}