{"id":78036,"date":"2020-10-30T10:33:40","date_gmt":"2020-10-30T09:33:40","guid":{"rendered":"https:\/\/www.fortuny.shop\/?post_type=product&#038;p=78036"},"modified":"2024-08-06T11:17:05","modified_gmt":"2024-08-06T09:17:05","slug":"bleu-sarcelle-13c55-mos-8","status":"publish","type":"product","link":"https:\/\/www.delphos.com\/fr\/shop\/coussins\/mosaico-velour\/bleu-sarcelle-13c55-mos-8\/","title":{"rendered":"Coussin carr\u00e9 en velours imprim\u00e9 | Mosaico Sarcelle p\u00e2le"},"content":{"rendered":"<p>Ce coussin carr\u00e9 en velours imprim\u00e9 Mosaico pr\u00e9sente un motif g\u00e9om\u00e9trique distinctif imprim\u00e9 \u00e0 la main avec du m\u00e9tal.<\/p>\n","protected":false},"excerpt":{"rendered":"<p>Ce coussin a un design g\u00e9om\u00e9trique distinctif imprim\u00e9 \u00e0 la main avec du m\u00e9tal.<\/p>\n","protected":false},"featured_media":128718,"comment_status":"open","ping_status":"closed","template":"","meta":{"_acf_changed":false},"product_brand":[],"product_cat":[396,3302],"product_tag":[],"class_list":{"0":"post-78036","1":"product","2":"type-product","3":"status-publish","4":"has-post-thumbnail","6":"product_cat-coussins","7":"product_cat-mosaico-velour","8":"product_shipping_class-standard-fr","9":"pa_color-light-teal-blue-fr","10":"pa_material-velours-viscose-59-coton-41","11":"pa_print-style-mosaico-fr","12":"yith_product_brand-delphos-fr","14":"first","15":"instock","16":"taxable","17":"shipping-taxable","18":"purchasable","19":"product-type-variable"},"acf":[],"_links":{"self":[{"href":"https:\/\/www.delphos.com\/fr\/wp-json\/wp\/v2\/product\/78036","targetHints":{"allow":["GET"]}}],"collection":[{"href":"https:\/\/www.delphos.com\/fr\/wp-json\/wp\/v2\/product"}],"about":[{"href":"https:\/\/www.delphos.com\/fr\/wp-json\/wp\/v2\/types\/product"}],"replies":[{"embeddable":true,"href":"https:\/\/www.delphos.com\/fr\/wp-json\/wp\/v2\/comments?post=78036"}],"wp:featuredmedia":[{"embeddable":true,"href":"https:\/\/www.delphos.com\/fr\/wp-json\/wp\/v2\/media\/128718"}],"wp:attachment":[{"href":"https:\/\/www.delphos.com\/fr\/wp-json\/wp\/v2\/media?parent=78036"}],"wp:term":[{"taxonomy":"product_brand","embeddable":true,"href":"https:\/\/www.delphos.com\/fr\/wp-json\/wp\/v2\/product_brand?post=78036"},{"taxonomy":"product_cat","embeddable":true,"href":"https:\/\/www.delphos.com\/fr\/wp-json\/wp\/v2\/product_cat?post=78036"},{"taxonomy":"product_tag","embeddable":true,"href":"https:\/\/www.delphos.com\/fr\/wp-json\/wp\/v2\/product_tag?post=78036"}],"curies":[{"name":"wp","href":"https:\/\/api.w.org\/{rel}","templated":true}]}}