{"id":116022,"date":"2022-05-02T16:10:44","date_gmt":"2022-05-02T14:10:44","guid":{"rendered":"https:\/\/www.fortuny.shop\/?page_id=116022"},"modified":"2022-05-03T11:27:02","modified_gmt":"2022-05-03T09:27:02","slug":"fortuny-day-2022-it","status":"publish","type":"page","link":"https:\/\/www.delphos.com\/it\/fortuny-day-2022-it\/","title":{"rendered":"Fortuny Day 2022"},"content":{"rendered":"\n  <div class=\"banner has-hover has-parallax\" id=\"banner-1836515906\">\n          <div class=\"banner-inner fill\">\n        <div class=\"banner-bg fill\" data-parallax=\"-1\" data-parallax-container=\".banner\" data-parallax-background>\n            <img loading=\"lazy\" decoding=\"async\" width=\"2560\" height=\"1096\" src=\"https:\/\/www.delphos.com\/wp-content\/uploads\/2022\/05\/mariano-seppia-header4.jpg\" class=\"bg attachment-original size-original\" alt=\"\" \/>                                    \n                    <\/div>\n\t\t\n        <div class=\"banner-layers container\">\n            <div class=\"fill banner-link\"><\/div>             \t<div class=\"img has-hover x50 md-x5 lg-x0 y15 md-y15 lg-y15\" id=\"image_484674674\">\n\t\t\t\t\t\t\t\t<div class=\"img-inner dark\" >\n\t\t\t<img loading=\"lazy\" decoding=\"async\" width=\"640\" height=\"315\" src=\"https:\/\/www.delphos.com\/wp-content\/uploads\/2022\/05\/day-22-logo.png\" class=\"attachment-large size-large\" alt=\"Day logo\" \/>\t\t\t\t\t\t\n\t\t\t\t\t<\/div>\n\t\t\t\t\t\t\t\t\n<style>\n#image_484674674 {\n  width: 66%;\n}\n@media (min-width:550px) {\n  #image_484674674 {\n    width: 34%;\n  }\n}\n<\/style>\n\t<\/div>\n\t \t<div class=\"img has-hover x15 md-x5 lg-x0 y50 md-y60 lg-y70\" id=\"image_319951735\">\n\t\t\t\t\t\t\t\t<div class=\"img-inner dark\" >\n\t\t\t<img loading=\"lazy\" decoding=\"async\" width=\"192\" height=\"122\" src=\"https:\/\/www.delphos.com\/wp-content\/uploads\/2022\/05\/day-22-logo-may11.png\" class=\"attachment-large size-large\" alt=\"May 11th  Day\" \/>\t\t\t\t\t\t\n\t\t\t\t\t<\/div>\n\t\t\t\t\t\t\t\t\n<style>\n#image_319951735 {\n  width: 27%;\n}\n@media (min-width:550px) {\n  #image_319951735 {\n    width: 12%;\n  }\n}\n<\/style>\n\t<\/div>\n\t    <div id=\"text-box-569766432\" class=\"text-box banner-layer x50 md-x5 lg-x0 y85 md-y90 lg-y90 res-text\">\n                                <div class=\"text-box-content text dark\">\n              \n              <div class=\"text-inner text-center\">\n                   \t<div id=\"text-3155588115\" class=\"text\">\n\t\t\n<p>Mariano Fortuny nasce a Granada l&#8217;11 maggio 1871.<br \/>Si trasfer\u00ec a Venezia nel 1889, dove trascorse il resto della sua carriera artistica.<\/p>\n\t\t\n<style>\n#text-3155588115 {\n  font-size: 1.15rem;\n  text-align: left;\n}\n<\/style>\n\t<\/div>\n\t               <\/div>\n           <\/div>\n                            \n<style>\n#text-box-569766432 {\n  width: 69%;\n}\n#text-box-569766432 .text-box-content {\n  font-size: 100%;\n}\n@media (min-width:550px) {\n  #text-box-569766432 {\n    width: 58%;\n  }\n}\n<\/style>\n    <\/div>\n          <\/div>\n      <\/div>\n\n            \n<style>\n#banner-1836515906 {\n  padding-top: 650px;\n}\n#banner-1836515906 .banner-bg img {\n  object-position: 70% 39%;\n}\n@media (min-width:550px) {\n  #banner-1836515906 {\n    padding-top: 600px;\n  }\n}\n<\/style>\n  <\/div>\n\n\n<div class=\"row align-center\"  id=\"row-1493965991\"> \n\t<div id=\"col-1126573187\" class=\"col small-12 large-12\"  >\n\t\t\t\t<div class=\"col-inner\"  >\n\t\t\t\n\t\t\t \t<div id=\"text-1983232052\" class=\"text\">\n\t\t\n<h1 style=\"text-align: center; font-size: 2.5rem; color: #857657; margin-bottom: 2rem;\">Artista, fotografo, designer<\/h1>\n<p><strong>Mariano Fortuny<\/strong>, figlio dell\u2019omonimo artista e di Cecilia de Madrazo y Garreta, eredita dal padre la passione per la pittura, ma \u00e8 nelle arti applicate che si manifesteranno i suoi molteplici talenti. Dopo un\u2019infanzia segnata dalla morte prematura del padre, trascorsa tra Parigi, Biarritz e Madrid, si stabilisce definitivamente a Venezia, a Palazzo Martinengo, insieme alla madre e alla sorella Luisa. Tra il 1898 e il 1906 acquista\u00a0<strong>Palazzo Pesaro degli Orfei<\/strong>\u00a0a San Beneto. \u00c8 proprio all\u2019ultimo piano dell\u2019edificio, dove vivr\u00e0 insieme a\u00a0<strong>Henriette Negrin<\/strong>, conosciuta a Parigi nel 1902 e destinata a diventare sua musa e poi moglie, che prende avvio l\u2019avventura nel settore tessile. Henriette condivide le passioni e i canoni estetici del marito e inizia le prime sperimentazioni di stampa con matrici in legno per lo\u00a0<strong>scialle Knossos<\/strong>. Come indicato da un\u2019annotazione autografa posta a margine del brevetto, in lei lo stesso Fortuny riconosce la vera ideatrice dell\u2019abito Delphos, ispirato al chitone ionico dell\u2019Auriga. Palazzo Orfei diventa il loro\u00a0<strong>Atelier<\/strong>, il laboratorio dove vengono alla luce creazioni rivoluzionarie capisaldi della storia del design e della moda e dove si riuniscono amici e clienti.<\/p>\n<p class=\"p1\">Il\u00a0<strong>tessuto plissettato<\/strong>,\u00a0<strong>la Cupola pieghevole<\/strong>, le\u00a0<strong>lampade in seta<\/strong>, un\u00a0<strong>sistema di stampa a impressione policroma<\/strong>, un\u00a0<strong>dispositivo per variare l\u2019intensit\u00e0 delle fonti di illuminazione<\/strong>\u00a0\u2013 il primo\u00a0<strong>dimmer<\/strong>\u00a0\u2013 e un nuovo metodo per\u00a0<strong>incidere le lastre fotografiche<\/strong>: la creativit\u00e0 dei due artisti assume negli anni forme diverse, ma \u00e8 sempre espressione di una curiosit\u00e0 senza limiti che li spinge a cercare senza sosta nuove soluzioni per nuovi risultati.<\/p>\n<p class=\"p1\">Mariano Fortuny muore nel 1949. Henriette, rimasta sola e impossibilitata a seguire la fabbrica alla Giudecca, dove si stampano i cotoni con la macchina ideata da Mariano, la cede, insieme ai diritti del marchio solo su cotoni e carte da parati. Riserva per s\u00e9, vita natural durante, tutti i diritti per la lavorazione dei velluti e delle sete nell\u2019Atelier di Palazzo Orfei, dove con le sue lavoranti continua la produzione per alcuni anni.<\/p>\n<p class=\"p1\">Un viaggio lungo una vita, dunque,\u00a0<strong>da Granada a Venezia<\/strong>. Un\u2019eredit\u00e0 creativa che sembrava perduta, eppure \u00e8 bastata un\u2019altra anima curiosa, quella di un giovane veneziano che frequentemente visita Palazzo Fortuny diventato ormai Museo, per riportare alla luce i segreti di quelle meraviglie: tessuti, lampade, diffusori, abiti, velluti\u2026 Quegli oggetti magici che tanto lo avevano affascinato devono essere ammirati da tutti, non possono scomparire insieme ai loro creatori. Al cospetto di un tale tesoro, cresce l\u2019entusiasmo della scoperta. Per mesi, quel giovane, insieme ad alcuni collaboratori, sfoglia gli appunti del \u201cmago\u201d, analizza i tessuti, osserva attentamente le pieghe degli abiti, alla ricerca dei suoi segreti pi\u00f9 reconditi, fino a ricostruire un laboratorio che recupera e preserva le sue tecnologie e i suoi metodi. \u00c8 il\u00a0<strong>1984<\/strong>\u00a0quando finalmente si perfeziona il procedimento necessario ad ottenere la plissettatura e la stampa a mano su sete e velluti, per realizzare accessori e capi d\u2019abbigliamento.\u00a0<strong>Cos\u00ec Lino Lando ricrea a Venezia l\u2019Atelier di Palazzo Orfei<\/strong>, continuando la produzione artigianale di sete, velluti, lampade e accessori d\u2019abbigliamento e, da ultimo, profumi.<\/p>\n<p class=\"p1\">Tra i prodotti proposti spicca la collezione<strong>\u00a0Studio 1907<\/strong>, i famosi diffusori ideati da Mariano Fortuny, oggetti di design, scelti da architetti e arredatori di tutto il mondo, e primi esempi di lampade a luce diffusa, ancora oggi insuperate per tecnologia ed eleganza, adatte ad ambienti classici, moderni e d\u2019avanguardia.<\/p>\n<p class=\"p1\">L\u2019azienda propone, infine, articoli d\u2019arredamento quali<strong>\u00a0cuscini e arazzi con il marchio Delphos<\/strong>.<\/p>\n<p class=\"p1\">Ogni prodotto \u00e8 un capolavoro di artigianalit\u00e0. Le celebri lampade in seta e gli abiti di ispirazione greca continuano ad essere creati, dipinti e stampati a mano, con la stessa cura di Mariano Fortuny ed Henriette, il cui prezioso patrimonio artistico \u00e8 oggi tramandato da\u00a0<strong>Atelier Fortuny Venezia<\/strong>\u00a0affinch\u00e9 rimanga vivo nel tempo.<\/p>\n\t\t\n<style>\n#text-1983232052 {\n  color: rgb(50, 50, 50);\n}\n#text-1983232052 > * {\n  color: rgb(50, 50, 50);\n}\n<\/style>\n\t<\/div>\n\t \t\t<\/div>\n\t\t\t\t\t<\/div>\n\n\t \n<style>\n#row-1493965991 > .col > .col-inner {\n  padding: 30px 0px 30px 0px;\n}\n<\/style>\n<\/div> <div class=\"row row-collapse row-full-width\"  id=\"row-18495226\"> \n\t<div id=\"col-454272818\" class=\"col small-12 large-12\"  >\n\t\t\t\t<div class=\"col-inner\"  >\n\t\t\t\n\t\t\t \t<div id=\"text-3592721125\" class=\"text\">\n\t\t\n<h1 style=\"color: #857657;\">Altro su Mariano Fortuny dal blog<\/h1>\n\t\t\n<style>\n#text-3592721125 {\n  text-align: center;\n}\n<\/style>\n\t<\/div>\n\t <div class=\"text-center\"><div class=\"is-divider divider clearfix\" ><\/div><\/div> \t\t<\/div>\n\t\t\t\t\t<\/div>\n\n\t <\/div> <div class=\"row row-collapse row-full-width\"  id=\"row-1486344670\"> \n\t<div id=\"col-1188666946\" class=\"col small-12 large-12\"  >\n\t\t\t\t<div class=\"col-inner\"  >\n\t\t\t\n\t\t\t   <style>\n    #row-771855315 .grid-col-1{height: 600px}\n    #row-771855315 .grid-col-1-2{height: 300px}\n    #row-771855315 .grid-col-1-3{height:200px}\n    #row-771855315 .grid-col-2-3{height: 400px}\n    #row-771855315 .grid-col-1-4{height: 150px}\n    #row-771855315 .grid-col-3-4{height: 450px}\n\n\n        \/* Tablet *\/\n    @media (max-width: 850px){\n      #row-771855315 .grid-col-1{height: 400px}\n      #row-771855315 .grid-col-1-2{height: 200px}\n      #row-771855315 .grid-col-1-3{height:133.33333333333px}\n      #row-771855315 .grid-col-2-3{height: 266.66666666667px}\n      #row-771855315 .grid-col-1-4{height: 100px}\n      #row-771855315 .grid-col-3-4{height: 300px}\n    }\n    \n        \/* Mobile *\/\n    @media (max-width: 550px){\n      #row-771855315 .grid-col-1{height: 400px}\n      #row-771855315 .grid-col-1-2{height: 200px}\n      #row-771855315 .grid-col-1-3{height:133.33333333333px}\n      #row-771855315 .grid-col-2-3{height: 266.66666666667px}\n      #row-771855315 .grid-col-1-4{height: 100px}\n      #row-771855315 .grid-col-3-4{height: 300px}\n    }\n    \n\n  <\/style>\n  \n  \n    <div id=\"row-771855315\" class=\"row row-full-width has-shadow row-box-shadow-1 row-grid\" data-packery-options='{\"itemSelector\": \".col\", \"gutter\": 0, \"presentageWidth\" : true}'>\n\n  <\/div> \t\t<\/div>\n\t\t\t\t\t<\/div>\n\n\t \n<style>\n#row-1486344670 > .col > .col-inner {\n  background-color: rgb(0,0,0);\n}\n<\/style>\n<\/div>\n","protected":false},"excerpt":{"rendered":"","protected":false},"author":337,"featured_media":0,"parent":0,"menu_order":0,"comment_status":"closed","ping_status":"closed","template":"page-blank.php","meta":{"_acf_changed":false,"footnotes":""},"class_list":["post-116022","page","type-page","status-publish","hentry"],"acf":[],"_links":{"self":[{"href":"https:\/\/www.delphos.com\/it\/wp-json\/wp\/v2\/pages\/116022","targetHints":{"allow":["GET"]}}],"collection":[{"href":"https:\/\/www.delphos.com\/it\/wp-json\/wp\/v2\/pages"}],"about":[{"href":"https:\/\/www.delphos.com\/it\/wp-json\/wp\/v2\/types\/page"}],"author":[{"embeddable":true,"href":"https:\/\/www.delphos.com\/it\/wp-json\/wp\/v2\/users\/337"}],"replies":[{"embeddable":true,"href":"https:\/\/www.delphos.com\/it\/wp-json\/wp\/v2\/comments?post=116022"}],"version-history":[{"count":3,"href":"https:\/\/www.delphos.com\/it\/wp-json\/wp\/v2\/pages\/116022\/revisions"}],"predecessor-version":[{"id":116169,"href":"https:\/\/www.delphos.com\/it\/wp-json\/wp\/v2\/pages\/116022\/revisions\/116169"}],"wp:attachment":[{"href":"https:\/\/www.delphos.com\/it\/wp-json\/wp\/v2\/media?parent=116022"}],"curies":[{"name":"wp","href":"https:\/\/api.w.org\/{rel}","templated":true}]}}