{"id":3866,"date":"2019-05-21T14:58:28","date_gmt":"2019-05-21T12:58:28","guid":{"rendered":"\/chi-siamo\/"},"modified":"2022-01-11T10:30:02","modified_gmt":"2022-01-11T09:30:02","slug":"chi-siamo","status":"publish","type":"page","link":"https:\/\/www.delphos.com\/it\/chi-siamo\/","title":{"rendered":"About"},"content":{"rendered":"\n\n  <div class=\"banner has-hover has-parallax\" id=\"banner-1349374719\">\n          <div class=\"banner-inner fill\">\n        <div class=\"banner-bg fill\" data-parallax=\"-1\" data-parallax-container=\".banner\" data-parallax-background>\n            <img loading=\"lazy\" decoding=\"async\" width=\"2000\" height=\"2000\" src=\"https:\/\/www.delphos.com\/wp-content\/uploads\/2019\/07\/atelier-venice-book.jpg\" class=\"bg attachment-original size-original\" alt=\"Atelier Venice book\" \/>                        <div class=\"overlay\"><\/div>            \n                    <\/div>\n\t\t\n        <div class=\"banner-layers container\">\n            <div class=\"fill banner-link\"><\/div>            \r\n\r\n   <div id=\"text-box-278014868\" class=\"text-box banner-layer x50 md-x50 lg-x50 y30 md-y30 lg-y30 res-text\">\n                                <div class=\"text-box-content text dark\">\n              \n              <div class=\"text-inner text-center\">\n                  \r\n<h1>About us<\/h1>\r\n<p class=\"lead\">Una storia di talento creativo e artigianalit\u00e0\r\niniziata pi\u00f9 di 100 anni fa<\/p>\r\n              <\/div>\n           <\/div>\n                            \n<style>\n#text-box-278014868 {\n  width: 90%;\n}\n#text-box-278014868 .text-box-content {\n  font-size: 130%;\n}\n@media (min-width:550px) {\n  #text-box-278014868 {\n    width: 60%;\n  }\n  #text-box-278014868 .text-box-content {\n    font-size: 100%;\n  }\n}\n<\/style>\n    <\/div>\n \r\n\r\n        <\/div>\n      <\/div>\n\n            \n<style>\n#banner-1349374719 {\n  padding-top: 500px;\n}\n#banner-1349374719 .overlay {\n  background-color: rgba(0, 0, 0, 0.49);\n}\n#banner-1349374719 .banner-bg img {\n  object-position: 0% 73%;\n}\n<\/style>\n  <\/div>\n\n\r\n<div class=\"row align-center\"  id=\"row-1613744452\">\r\n\r\n\n\t<div id=\"col-682273906\" class=\"col medium-6 small-12 large-6\"  >\n\t\t\t\t<div class=\"col-inner\"  >\n\t\t\t\n\t\t\t\r\n<blockquote><span style=\"font-size: 80%; line-height: 0.8em; color: #66542a;\">La vestaglia di Fortuny che Albertine indossava quella sera mi sembrava come l\u2019ombra tentatrice di questa invisibile Venezia. Era interamente ricoperta di motivi arabescati come Venezia, come i palazzi di Venezia nascosti, alla maniera delle sultane, dietro un velo traforato di pietra, come le rilegature della Biblioteca Ambrosiana, come le colonne i cui uccelli orientali che simboleggiano alternativamente la morte e la vita, si ripetevano nello scintillio della stoffa, di un blu intenso che via via che il mio sguardo vi penetrava si mutava in oro malleabile, attraverso quelle stesse trasmutazioni che, all\u2019avanzare delle gondole, cambiano in metallo fiammeggiante l\u2019azzurro del Canal Grande. Le maniche erano foderate di un rosa ciliegia cos\u00ec tipicamente veneziano che vien chiamato rosa Tiepolo.<\/span><\/blockquote>\r\n<p style=\"text-align: right;\"><span style=\"color: #66542a;\"><em>\u00c0 la recherche du temps perdu<\/em><\/span>\r\n<strong><span style=\"color: #66542a;\">Marcel Proust<\/span><\/strong><\/p>\r\n\t\t<\/div>\n\t\t\t\t\t<\/div>\n\n\t\r\n\n\t<div id=\"col-687265400\" class=\"col medium-6 small-12 large-6\"  data-animate=\"fadeInUp\">\n\t\t\t\t<div class=\"col-inner\"  >\n\t\t\t\n\t\t\t\r\n\r\n\n  <div class=\"banner has-hover bg-overlay-remove-50\" id=\"banner-2036074402\">\n          <div class=\"banner-inner fill\">\n        <div class=\"banner-bg fill\" >\n            <img loading=\"lazy\" decoding=\"async\" width=\"723\" height=\"1000\" src=\"https:\/\/www.delphos.com\/wp-content\/uploads\/2019\/05\/mariano-1.jpg\" class=\"bg attachment-original size-original\" alt=\"Mariano\" \/>                        <div class=\"overlay\"><\/div>            \n                    <\/div>\n\t\t\n        <div class=\"banner-layers container\">\n            <a class=\"fill\" href=\"\/about\/mariano-fortuny\"><div class=\"fill banner-link\"><\/div><\/a>            \r\n\r\n   <div id=\"text-box-2014122782\" class=\"text-box banner-layer x50 md-x50 lg-x50 y50 md-y50 lg-y50 res-text\">\n                                <div class=\"text-box-content text dark\">\n              \n              <div class=\"text-inner text-center\">\n                  \r\n<h3 class=\"uppercase\">LA STORIA DI MARIANO FORTUNY<\/h3>\r\n<a href=\"\/about\/mariano-fortuny\" class=\"button primary is-outline is-larger\" style=\"border-radius:99px;\">\n\t\t<span>Scopri di pi\u00f9<\/span>\n\t<\/a>\n\r\n\r\n              <\/div>\n           <\/div>\n                            \n<style>\n#text-box-2014122782 {\n  width: 60%;\n}\n#text-box-2014122782 .text-box-content {\n  font-size: 100%;\n}\n<\/style>\n    <\/div>\n \r\n\r\n        <\/div>\n      <\/div>\n\n            \n<style>\n#banner-2036074402 {\n  padding-top: 60%;\n}\n#banner-2036074402 .overlay {\n  background-color: rgba(0, 0, 0, 0.4);\n}\n@media (min-width:550px) {\n  #banner-2036074402 {\n    padding-top: 580px;\n  }\n}\n@media (min-width:850px) {\n  #banner-2036074402 {\n    padding-top: 500px;\n  }\n}\n<\/style>\n  <\/div>\n\n\r\n\r\n\t\t<\/div>\n\t\t\t\t\t<\/div>\n\n\t\r\n\r\n<\/div>\r\n<div class=\"row align-center\"  id=\"row-2021582249\">\r\n\r\n\n\t<div id=\"col-173781274\" class=\"col small-12 large-12\"  >\n\t\t\t\t<div class=\"col-inner\"  >\n\t\t\t\n\t\t\t\r\n\r\nLa nostra \u00e8 una storia di curiosit\u00e0 e genio creativo che inizia nel 1871 in Spagna, precisamente a Granada. Nella citt\u00e0 andalusa, dalle atmosfere orientali che risalgono al periodo della dominazione araba, nasce quello che sar\u00e0 poi definito da molti il <strong>Leonardo da Vinci del Novecento<\/strong>. <strong>Mariano Fortuny<\/strong>, figlio dell\u2019omonimo artista e di Cecilia de Madrazo y Garreta, eredita dal padre la passione per la pittura, ma \u00e8 nelle arti applicate che si manifesteranno i suoi molteplici talenti.\r\n\r\nDopo un\u2019infanzia segnata dalla morte prematura del padre, trascorsa tra Parigi, Biarritz e Madrid, si stabilisce definitivamente a Venezia, a Palazzo Martinengo, insieme alla madre e alla sorella Luisa. Tra il 1898 e il 1906 acquista <strong>Palazzo Pesaro degli Orfei<\/strong> a San Beneto. \u00c8 proprio all\u2019ultimo piano dell\u2019edificio, dove vivr\u00e0 insieme a <strong>Henriette Negrin<\/strong>, conosciuta a Parigi nel 1902 e destinata a diventare sua musa e poi moglie, che prende avvio l\u2019avventura nel settore tessile. Henriette condivide le passioni e i canoni estetici del marito e inizia le prime sperimentazioni di stampa con matrici in legno per lo <strong>scialle Knossos<\/strong>. Come indicato da un\u2019annotazione autografa posta a margine del brevetto, in lei lo stesso Fortuny riconosce la vera ideatrice dell\u2019abito Delphos, ispirato al chitone ionico dell\u2019Auriga. Palazzo Orfei diventa il loro <strong>Atelier<\/strong>, il laboratorio dove vengono alla luce creazioni rivoluzionarie capisaldi della storia del design e della moda e dove si riuniscono amici e clienti.\r\n<p class=\"p1\">Il <strong>tessuto plissettato<\/strong>, <strong>la Cupola pieghevole<\/strong>, le <strong>lampade in seta<\/strong>, un <strong>sistema di stampa a impressione policroma<\/strong>, un <strong>dispositivo per variare l\u2019intensit\u00e0 delle fonti di illuminazione<\/strong> &#8211; il primo <strong>dimmer<\/strong> &#8211; e un nuovo metodo per <strong>incidere le lastre fotografiche<\/strong>: la creativit\u00e0 dei due artisti assume negli anni forme diverse, ma \u00e8 sempre espressione di una curiosit\u00e0 senza limiti che li spinge a cercare senza sosta nuove soluzioni per nuovi risultati.<\/p>\r\n\t\t<\/div>\n\t\t\t\t\t<\/div>\n\n\t\r\n\r\n<\/div>\r\n\n  <div class=\"banner has-hover has-parallax\" id=\"banner-176337662\">\n          <div class=\"banner-inner fill\">\n        <div class=\"banner-bg fill\" data-parallax=\"-1\" data-parallax-container=\".banner\" data-parallax-background>\n            <img loading=\"lazy\" decoding=\"async\" width=\"1900\" height=\"792\" src=\"https:\/\/www.delphos.com\/wp-content\/uploads\/2019\/05\/production.jpg\" class=\"bg attachment-original size-original\" alt=\"Produzione di lampade in seta\" \/>                                    \n                    <\/div>\n\t\t\n        <div class=\"banner-layers container\">\n            <div class=\"fill banner-link\"><\/div>            \r\n\r\n        <\/div>\n      <\/div>\n\n            \n<style>\n#banner-176337662 {\n  padding-top: 120%;\n}\n#banner-176337662 .banner-bg img {\n  object-position: 92% 44%;\n}\n@media (min-width:550px) {\n  #banner-176337662 {\n    padding-top: 40%;\n  }\n}\n<\/style>\n  <\/div>\n\n\r\n<div class=\"row align-center\"  id=\"row-23483738\">\r\n\r\n\n\t<div id=\"col-1942401421\" class=\"col small-12 large-12\"  >\n\t\t\t\t<div class=\"col-inner\"  >\n\t\t\t\n\t\t\t\r\n<p class=\"p1\">Mariano Fortuny muore nel 1949. Henriette, rimasta sola e impossibilitata a seguire la fabbrica alla Giudecca, dove si stampano i cotoni con la macchina ideata da Mariano, la cede, insieme ai diritti del marchio solo su cotoni e carte da parati. Riserva per s\u00e9, vita natural durante, tutti i diritti per la lavorazione dei velluti e delle sete nell\u2019Atelier di Palazzo Orfei, dove con le sue lavoranti continua la produzione per alcuni anni.<\/p>\r\n<p class=\"p1\">Un viaggio lungo una vita, dunque, <strong>da Granada a Venezia<\/strong>. Un\u2019eredit\u00e0 creativa che sembrava perduta, eppure \u00e8 bastata un\u2019altra anima curiosa, quella di un giovane veneziano che frequentemente visita Palazzo Fortuny diventato ormai Museo, per riportare alla luce i segreti di quelle meraviglie: tessuti, lampade, diffusori, abiti, velluti&#8230; Quegli oggetti magici che tanto lo avevano affascinato devono essere ammirati da tutti, non possono scomparire insieme ai loro creatori. Al cospetto di un tale tesoro, cresce l\u2019entusiasmo della scoperta. Per mesi, quel giovane, insieme ad alcuni collaboratori, sfoglia gli appunti del \u201cmago\u201d, analizza i tessuti, osserva attentamente le pieghe degli abiti, alla ricerca dei suoi segreti pi\u00f9 reconditi, fino a ricostruire un laboratorio che recupera e preserva le sue tecnologie e i suoi metodi. \u00c8 il <strong>1984<\/strong> quando finalmente si perfeziona il procedimento necessario ad ottenere la plissettatura e la stampa a mano su sete e velluti, per realizzare accessori e capi d\u2019abbigliamento. <strong>Cos\u00ec Lino Lando ricrea a Venezia l\u2019Atelier di Palazzo Orfei<\/strong>, continuando la produzione artigianale di sete, velluti, lampade e accessori d\u2019abbigliamento e, da ultimo, profumi.<\/p>\r\n<p class=\"p1\">Tra i prodotti proposti spicca la collezione<strong> Studio 1907<\/strong>, i famosi diffusori ideati da Mariano Fortuny, oggetti di design, scelti da architetti e arredatori di tutto il mondo, e primi esempi di lampade a luce diffusa, ancora oggi insuperate per tecnologia ed eleganza, adatte ad ambienti classici, moderni e d\u2019avanguardia.<\/p>\r\n<p class=\"p1\">L\u2019azienda propone, infine, articoli d\u2019arredamento quali<strong> cuscini e arazzi con il marchio Delphos<\/strong>.<\/p>\r\n<p class=\"p1\">Ogni prodotto \u00e8 un capolavoro di artigianalit\u00e0. Le celebri lampade in seta e gli abiti di ispirazione greca continuano ad essere creati, dipinti e stampati a mano, con la stessa cura di Mariano Fortuny ed Henriette, il cui prezioso patrimonio artistico \u00e8 oggi tramandato da <strong>Atelier Fortuny Venezia<\/strong> affinch\u00e9 rimanga vivo nel tempo.<\/p>\r\n\t\t<\/div>\n\t\t\t\t\t<\/div>\n\n\t\r\n\r\n<\/div>\r\n<div class=\"row row-small\" style=\"max-width:400px\" id=\"row-123482804\">\r\n\r\n\n\t<div id=\"col-81071451\" class=\"col medium-6 small-6 large-6\"  >\n\t\t\t\t<div class=\"col-inner\"  >\n\t\t\t\n\t\t\t\r\n\r\n\t<div class=\"img has-hover x md-x lg-x y md-y lg-y\" id=\"image_677311292\">\n\t\t\t\t\t\t\t\t<div class=\"img-inner dark\" >\n\t\t\t<img loading=\"lazy\" decoding=\"async\" width=\"500\" height=\"500\" src=\"https:\/\/www.delphos.com\/wp-content\/uploads\/2019\/09\/logo-atelier-venezia.png\" class=\"attachment-large size-large\" alt=\"Logo Atelier  Venezia\" srcset=\"https:\/\/www.delphos.com\/wp-content\/uploads\/2019\/09\/logo-atelier-venezia.png 500w, https:\/\/www.delphos.com\/wp-content\/uploads\/2019\/09\/logo-atelier-venezia-100x100.png 100w\" sizes=\"auto, (max-width: 500px) 100vw, 500px\" \/>\t\t\t\t\t\t\n\t\t\t\t\t<\/div>\n\t\t\t\t\t\t\t\t\n<style>\n#image_677311292 {\n  width: 98%;\n}\n<\/style>\n\t<\/div>\n\t\r\n\r\n\t\t<\/div>\n\t\t\t\t\t<\/div>\n\n\t\r\n\n\t<div id=\"col-841914567\" class=\"col medium-6 small-6 large-6\"  >\n\t\t\t\t<div class=\"col-inner\"  >\n\t\t\t\n\t\t\t\r\n\r\n\t<div class=\"img has-hover x md-x lg-x y md-y lg-y\" id=\"image_1615025668\">\n\t\t\t\t\t\t\t\t<div class=\"img-inner dark\" >\n\t\t\t<img loading=\"lazy\" decoding=\"async\" width=\"400\" height=\"395\" src=\"https:\/\/www.delphos.com\/wp-content\/uploads\/2019\/09\/logo-delphos.jpg\" class=\"attachment-large size-large\" alt=\"Logo Delphos\" \/>\t\t\t\t\t\t\n\t\t\t\t\t<\/div>\n\t\t\t\t\t\t\t\t\n<style>\n#image_1615025668 {\n  width: 100%;\n}\n<\/style>\n\t<\/div>\n\t\r\n\r\n\t\t<\/div>\n\t\t\t\t\t<\/div>\n\n\t\r\n\r\n<\/div>\n","protected":false},"excerpt":{"rendered":"","protected":false},"author":337,"featured_media":0,"parent":0,"menu_order":0,"comment_status":"closed","ping_status":"closed","template":"page-blank.php","meta":{"_acf_changed":false,"footnotes":""},"class_list":["post-3866","page","type-page","status-publish","hentry"],"acf":[],"_links":{"self":[{"href":"https:\/\/www.delphos.com\/it\/wp-json\/wp\/v2\/pages\/3866","targetHints":{"allow":["GET"]}}],"collection":[{"href":"https:\/\/www.delphos.com\/it\/wp-json\/wp\/v2\/pages"}],"about":[{"href":"https:\/\/www.delphos.com\/it\/wp-json\/wp\/v2\/types\/page"}],"author":[{"embeddable":true,"href":"https:\/\/www.delphos.com\/it\/wp-json\/wp\/v2\/users\/337"}],"replies":[{"embeddable":true,"href":"https:\/\/www.delphos.com\/it\/wp-json\/wp\/v2\/comments?post=3866"}],"version-history":[{"count":2,"href":"https:\/\/www.delphos.com\/it\/wp-json\/wp\/v2\/pages\/3866\/revisions"}],"predecessor-version":[{"id":106632,"href":"https:\/\/www.delphos.com\/it\/wp-json\/wp\/v2\/pages\/3866\/revisions\/106632"}],"wp:attachment":[{"href":"https:\/\/www.delphos.com\/it\/wp-json\/wp\/v2\/media?parent=3866"}],"curies":[{"name":"wp","href":"https:\/\/api.w.org\/{rel}","templated":true}]}}