{"id":3973,"date":"2019-05-23T15:29:28","date_gmt":"2019-05-23T13:29:28","guid":{"rendered":"https:\/\/www.fortuny.it\/?page_id=3973"},"modified":"2025-10-27T14:13:03","modified_gmt":"2025-10-27T13:13:03","slug":"termini-e-condizioni-di-vendita","status":"publish","type":"page","link":"https:\/\/www.delphos.com\/it\/termini-e-condizioni-di-vendita\/","title":{"rendered":"Termini e condizioni di vendita"},"content":{"rendered":"\r\n<h1 class=\"wp-block-heading\"><\/h1>\r\n<h2 class=\"has-large-font-size\">Termini e condizioni<\/h2>\r\n<h1>\r\n\r\n<\/h1>\r\n<h3>1 DEFINIZIONI<\/h3>\r\n<p>1.1 Il termine &#8220;Acquirente&#8221; indica la persona o l&#8217;organizzazione che acquista o accetta di acquistare i Prodotti e\/o i Servizi dal Fornitore;<br \/>1.2 Per \u201cconsumatore\u201d si intende una persona che acquista beni e servizi per uso personale.<br \/>1.3 Il termine &#8220;Contratto&#8221; indica il contratto tra il Fornitore e l&#8217;Acquirente per la vendita e l&#8217;acquisto di Beni e\/o Servizi che incorpora questi Termini e Condizioni;<br \/>1.4 Il termine &#8220;Merci&#8221; indica gli articoli che l&#8217;Acquirente accetta di acquistare dal Fornitore;<br \/>1.5 Il termine &#8220;Servizi&#8221; indica i servizi che l&#8217;Acquirente accetta di acquistare dal Fornitore;<br \/>1.6 Il termine &#8220;Fornitore&#8221; indica Fortuny Srl di San Marco 2425, Venezia (Italia) che possiede e gestisce DELPHOS.COM e tutti i loro sottodomini;<br \/>1.7 L&#8217;espressione &#8220;Termini e condizioni&#8221; indica i termini e le condizioni di vendita stabiliti nel presente accordo e tutti i termini e le condizioni speciali concordati per iscritto dal Fornitore;<br \/>1.8 Il termine &#8220;Sito Web&#8221; indica DELPHOS.COM e tutti i loro sottodomini.<\/p>\r\n<h1>\r\n\r\n<\/h1>\r\n<h3>2 CONDIZIONI<\/h3>\r\n<p>2.1 Nessuna disposizione dei presenti Termini e condizioni pregiudica i diritti legali dell&#8217;acquirente in quanto consumatore.<br \/>2.2 I presenti Termini e Condizioni si applicano a tutti i contratti per la vendita di Prodotti e\/o Servizi da parte del Fornitore all&#8217;Acquirente e prevarranno su qualsiasi altra documentazione o comunicazione dell&#8217;Acquirente.<br \/>2.3 L&#8217;accettazione della consegna dei Prodotti sar\u00e0 considerata prova conclusiva dell&#8217;accettazione da parte dell&#8217;Acquirente di questi Termini e Condizioni.<br \/>2.4 Qualsiasi variazione di questi Termini e Condizioni (inclusi eventuali termini e condizioni speciali concordati tra le parti) sar\u00e0 inapplicabile se non concordata per iscritto dal Fornitore.<br \/>2.5 Eventuali condizioni speciali applicabili alla fornitura dei Servizi sono stabilite nell&#8217;Allegato al presente accordo.<br \/>2.6 Eventuali reclami dovranno essere rivolti all&#8217;indirizzo del Fornitore indicato nella clausola 1.6.<\/p>\r\n<h1>\r\n\r\n<\/h1>\r\n<h3>3 ORDINI<\/h3>\r\n<p>3.1 Tutti gli ordini di beni e\/o servizi saranno considerati come un&#8217;offerta da parte dell&#8217;acquirente per l&#8217;acquisto di beni e\/o servizi ai sensi dei presenti Termini e condizioni e saranno soggetti all&#8217;accettazione da parte del fornitore. Il fornitore pu\u00f2 scegliere di non accettare un ordine per qualunque motivo.<br \/>3.2 Laddove i Prodotti ordinati dall&#8217;Acquirente non siano disponibili a magazzino, l&#8217;Acquirente dovr\u00e0 essere avvisato e avere la possibilit\u00e0 di attendere fino a quando i Prodotti non saranno disponibili a magazzino o annullare l&#8217;ordine e ricevere un rimborso completo entro 28 giorni.<\/p>\r\n<h1>\r\n\r\n<\/h1>\r\n<h3>4 PREZZI E PAGAMENTI<\/h3>\r\n<p>4.1 Il prezzo dei beni e\/o servizi \u00e8 quello indicato nel sito web. Il prezzo \u00e8 IVA esclusa. Laddove applicabili, il prezzo non include le spese di spedizione.<br \/>4.2 Il prezzo di acquisto totale, comprensivo di IVA ed eventuali costi di spedizione, verr\u00e0 visualizzato nel carrello dell&#8217;acquirente prima della conferma d&#8217;ordine.<br \/>4.3 Dopo che l&#8217;ordine sar\u00e0 ricevuto, il Fornitore dor\u00e0 confermare via e-mail i dettagli, la descrizione e il prezzo dei Prodotti e\/o Servizi insieme alle informazioni sul diritto di recesso se l&#8217;Acquirente \u00e8 un Consumatore.<br \/>4.4 Il pagamento del prezzo pi\u00f9 IVA e le spese di spedizione, se applicabili, deve essere effettuao con carta di credito<br \/>4.5 Laddove applicabile, se un pagamento non viene effettuato in tempo o viene rifiutato, l&#8217;importo dovuto sar\u00e0 considerato scaduto e il Fornitore avr\u00e0 diritto immediatamente a cessare o sospendere la fornitura di qualsiasi Servizio o ulteriori consegne di merci fino a quando non ricever\u00e0 il pagamento.<\/p>\r\n<h1>\r\n\r\n<\/h1>\r\n<h3>5 PRESTAZIONI DEI SERVIZI<\/h3>\r\n<p>5.1 Il Fornitore dovr\u00e0 iniziare ad eseguire i Servizi immediatamente dopo l&#8217;accettazione dell&#8217;ordine.<br \/>5.2 Il Fornitore dovr\u00e0 eseguire i Servizi con ragionevole competenza e cura. Tuttavia, ove applicabile, il Fornitore non garantisce che i Servizi saranno ininterrotti, sicuri o privi di errori o che tutti i dati generati, archiviati, trasmessi o utilizzati tramite o in connessione con i Servizi saranno completi, accurati, sicuri, aggiornati, ricevuti o consegnati correttamente. Il fornitore potrebbe dover sospendere i servizi per riparazione, manutenzione o miglioramento. In tal caso, il Fornitore li ripristiner\u00e0 il pi\u00f9 rapidamente possibile.<\/p>\r\n<h1>\r\n\r\n<\/h1>\r\n<h3>6 DIRITTI DEL FORNITORE<\/h3>\r\n<p>6.1 Il Fornitore si riserva il diritto di aggiornare periodicamente i prezzi sul Sito Web, che non possono essere garantiti per nessun periodo di tempo. Il Fornitore far\u00e0 ogni sforzo per assicurare che i prezzi siano corretti nel momento in cui l&#8217;Acquirente effettua un ordine.<br \/>6.2 Il Fornitore si riserva il diritto di ritirare qualsiasi Prodotto e\/o Servizio dal Sito Web in qualsiasi momento.<br \/>6.3 Il fornitore non sar\u00e0 responsabile nei confronti di nessuno per il ritiro di qualsiasi merce e\/o servizio dal sito Web o per il rifiuto di elaborare un ordine.<\/p>\r\n<h1>\r\n\r\n<\/h1>\r\n<h3>7 ET\u00c0 DEL CONSENSO<\/h3>\r\n<p>7.1 Laddove beni e\/o servizi possano essere acquistati solo da persone di una certa et\u00e0, all&#8217;acquirente verr\u00e0 chiesto al momento dell&#8217;ordine di dichiarare che ha l&#8217;et\u00e0 legale appropriata per acquistare i beni e\/o servizi.<br \/>7.2 Se il Fornitore dovesse scoprire che l&#8217;Acquirente non \u00e8 legalmente autorizzato a ordinare determinati Prodotti e\/o Servizi, il Fornitore avr\u00e0 il diritto di annullare immediatamente l&#8217;ordine, senza preavviso.<\/p>\r\n<h1>\r\n\r\n<\/h1>\r\n<h3>8 CONSEGNA<\/h3>\r\n<p>8.1 Le merci fornite in Italia sono di norma consegnate entro 30 giorni lavorativi dall&#8217;accettazione dell&#8217;ordine.<br \/>8.2 Le merci fornite al di fuori dell&#8217;Italia sono di norma consegnate entro 30 giorni lavorativi dall&#8217;accettazione dell&#8217;ordine.<br \/>8.3 Laddove sia stata concordata una data di consegna specifica e non sia possibile rispettare tale data di consegna, l&#8217;Acquirente verr\u00e0 avvisato e avr\u00e0 la possibilit\u00e0 di concordare una nuova data di consegna o di ricevere un rimborso completo.<br \/>8.4 Il Fornitore dovr\u00e0 fare tutto il possibile per rispettare qualsiasi data concordata per la consegna. Nel caso in cui i tempi di consegna non possano essere rispettati, il Fornitore non sar\u00e0 responsabile per eventuali perdite, costi, danni o spese sostenute dall&#8217;Acquirente o da terzi derivanti direttamente o indirettamente dall&#8217;inosservanza di una data di consegna stimata.<br \/>8.5 La consegna dei Prodotti dovr\u00e0 essere effettuata all&#8217;indirizzo dell&#8217;Acquirente specificato nell&#8217;ordine e l&#8217;Acquirente dovr\u00e0 prendere tutte le precauzioni necessarie per prendere in consegna i Prodotti ogni volta che vengono consegnati.<br \/>8.6 Il rischio relativo alle merci passa all&#8217;acquirente dal momento della consegna della merce o, qualora l&#8217;acquirente non riesca ad accettare la consegna nei tempi concordati, dal momento in cui \u00e8 stata tentata la consegna.<br \/>8.7 La propriet\u00e0 della merce non sar\u00e0 trasferita all&#8217;acquirente fino a quando il pagamento non sar\u00e0 effettuato interamente.<\/p>\r\n<h1>\r\n\r\n<\/h1>\r\n<h3>9 CANCELLAZIONI E RESI<\/h3>\r\n<p>Accettiamo resi, ma ti preghiamo di richiedere l\u2019autorizzazione al nostro servizio clienti prima di rispedirci gli articoli.<\/p>\r\n<h1>\r\n\r\n\r\n\r\n<\/h1>\r\n<p>Contattaci a info@delphos.com indicando:<\/p>\r\n<h1>\r\n\r\n<\/h1>\r\n<p>Nome e indirizzo completo<br \/>Numero d\u2019ordine<br \/>Articoli da restituire<br \/>Motivazione del reso<\/p>\r\n<h1>\r\n\r\n<\/h1>\r\n<p>Nota che:<\/p>\r\n<h1>\r\n\r\n<\/h1>\r\n<ul>\r\n<li>Non possiamo essere responsabili per eventuali beni mancanti o danneggiati se non riceviamo una notifica entro 24 ore dal momento in cui hai ricevuto il tuo ordine. Controlla, quindi, i colli immediatamente dopo la consegna.<\/li>\r\n<li>Gli articoli in saldo non possono essere restituiti. I prodotti in saldo difettosi saranno riparati o sostituiti a nostra discrezione.<\/li>\r\n<li>Le lampade sono fatte su ordinazione e non sono restituibili.<\/li>\r\n<li>Gli articoli che sono stati installati o che non si trovano nella confezione originale non sono restituibili.<\/li>\r\n<li>Accrediteremo il tuo account dopo aver verificato il tuo articolo e convalidato il tuo reso.<\/li>\r\n<\/ul>\r\n<h1>\r\n\r\n<\/h1>\r\n<h3>10 BUONI REGALO<\/h3>\r\n<p>Oltre ai precedenti Termini e Condizioni, si applicano alla vendita di buoni regalo i seguenti termini e condizioni:<br \/>10.1 I buoni regalo saranno spediti entro 1 settimana dall&#8217;accettazione dell&#8217;ordine e saranno consegnati via e-mail. Il pagamento dovr\u00e0 essere effettuato con carta di credito.<br \/>10.2 L&#8217;acquirente dovr\u00e0 comunicare al fornitore qualsiasi discrepanza nella consegna il prima possibile, ma in ogni caso entro 7 giorni dalla consegna dei buoni.<br \/>10.3 Il rischio di perdita, distruzione o danneggiamento dei voucher rimane a carico del Fornitore fino alla consegna all&#8217;Acquirente, ove a suo rischio passer\u00e0 all&#8217;Acquirente.<br \/>10.4 I buoni regalo possono essere scambiati con merci su www.delphos.com. I buoni non possono essere riscattati in contanti n\u00e9 in tutto n\u00e9 in parte. I voucher non vengono venduti in caso di sconti o resi e non sar\u00e0 consentito alcun reso a meno che non si possa dimostrare che il Fornitore abbia commesso un errore nell&#8217;adempimento dell&#8217;ordine dell&#8217;Acquirente.<br \/>10.5 I buoni regalo sono validi per 1 anno dalla data di acquisto e non possono essere rinnovati una volta scaduti. I voucher non possono essere sostituiti in caso di smarrimento o danneggiamento.<\/p>\r\n<h1>\r\n\r\n<\/h1>\r\n<h3>11 LIMITAZIONE DI RESPONSABILIT\u00c0<\/h3>\r\n<p>11.1 Salvo quanto previsto dalla legge nei casi in cui l&#8217;Acquirente sia un Consumatore, in caso di violazione dei presenti Termini e Condizioni da parte del Fornitore, i rimedi dell&#8217;Acquirente saranno limitati ai danni che non dovranno in alcun caso superare il prezzo dei Prodotti e\/o Servizi e il Fornitore non sar\u00e0 in alcun caso responsabile per eventuali perdite o danni indiretti, incidentali o consequenziali.<br \/>11.2 Nessun punto in questi Termini e Condizioni escluder\u00e0 o limiter\u00e0 la responsabilit\u00e0 del Fornitore per morte o lesioni personali derivanti dalla negligenza del Fornitore o quella dei suoi agenti e dipendenti.<\/p>\r\n<h1>\r\n\r\n<\/h1>\r\n<h3>12 RINUNCIA<\/h3>\r\n<p>Nessuna rinuncia da parte del Fornitore (espressa o implicita) a far valere i suoi diritti ai sensi del presente contratto pregiudica il suo diritto a farlo in futuro.<\/p>\r\n<h1>\r\n\r\n<\/h1>\r\n<h3>13 FORZA MAGGIORE<\/h3>\r\n<p>Il Fornitore non sar\u00e0 responsabile per eventuali ritardi o inadempienze nei confronti di uno qualsiasi dei suoi obblighi se il ritardo o il fallimento della consegna derivano da eventi o circostanze al di fuori del suo ragionevole controllo, inclusi ma non limitati a atti di Dio, scioperi, blocchi, incidenti, guerre, incendi, guasti di qualsiasi sistema di comunicazione, telecomunicazione o computer, guasti di impianti o macchinari o carenze o indisponibilit\u00e0 di materie prime da una fonte naturale di approvvigionamento e il Fornitore avr\u00e0 diritto a una ragionevole estensione dei propri obblighi.<\/p>\r\n<h1>\r\n\r\n<\/h1>\r\n<h3>14 LIQUIDAZIONE<\/h3>\r\n<p>Nel caso in cui qualsiasi termine o disposizione di questi Termini e Condizioni sia ritenuto non valido, illegale o inapplicabile per qualsiasi motivo da qualsiasi tribunale della giurisdizione competente, tale disposizione sar\u00e0 recisa e il resto delle disposizioni del presente documento continuer\u00e0 ad essere in vigore ed effetto come se questi Termini e Condizioni fossero stati concordati con la disposizione illegale o inapplicabile non valida eliminata.<\/p>\r\n<h1>\r\n\r\n<\/h1>\r\n<h3>15 MODIFICHE AI TERMINI E CONDIZIONI<\/h3>\r\n<p>Il Fornitore avr\u00e0 il diritto di modificare questi Termini e Condizioni in qualsiasi momento, ma questo diritto non influir\u00e0 sui Termini e Condizioni esistenti accettati dall&#8217;Acquirente al momento dell&#8217;acquisto.<\/p>\r\n<h1>\r\n\r\n<\/h1>\r\n<h3>16 LEGGE APPLICABILE E FORO COMPETENTE<\/h3>\r\n<p>I presenti Termini e Condizioni sono regolati e interpretati in conformit\u00e0 con la legge italiana e le parti si sottopongono alla giurisdizione esclusiva dei tribunali italiani.<\/p>\r\n<h1>\r\n\r\n<\/h1>\r\n<h3>17 RISOLUZIONE ONLINE DELLE CONTROVERSIE<\/h3>\r\n<p>Il consumatore residente in Europa deve essere a conoscenza del fatto che la Commissione Europea ha istituito una piattaforma online che fornisce uno strumento di risoluzione alternativa delle controversie. Tale strumento pu\u00f2 essere utilizzato dal consumatore europeo per risolvere in via non giudiziale ogni controversia relativa a e\/o derivante da contratti di vendita di beni e servizi stipulati in rete. Di conseguenza, se sei un consumatore europeo, puoi usare tale piattaforma per la risoluzione di ogni disputa nascente dal contratto online stipulato con il Titolare. La piattaforma \u00e8 disponibile al seguente link (http:\/\/ec.europa.eu\/consumers\/odr\/). Il Titolare \u00e8 disponibile a rispondere ad ogni quesito inoltrato via email all\u2019indirizzo email info@delphos.com<\/p>\r\n<h1><\/h1>\r\n\r\n\r\n","protected":false},"excerpt":{"rendered":"<p>Termini e condizioni 1 DEFINIZIONI 1.1 Il termine &#8220;Acquirente&#8221; indica la persona o l&#8217;organizzazione che acquista o accetta di acquistare i Prodotti e\/o i Servizi dal Fornitore;1.2 Per \u201cconsumatore\u201d si intende una persona che acquista beni e servizi per uso personale.1.3 Il termine &#8220;Contratto&#8221; indica il contratto tra il Fornitore e l&#8217;Acquirente per la vendita [&#8230;]\n","protected":false},"author":337,"featured_media":0,"parent":0,"menu_order":0,"comment_status":"closed","ping_status":"closed","template":"","meta":{"_acf_changed":false,"footnotes":""},"class_list":["post-3973","page","type-page","status-publish","hentry"],"acf":[],"_links":{"self":[{"href":"https:\/\/www.delphos.com\/it\/wp-json\/wp\/v2\/pages\/3973","targetHints":{"allow":["GET"]}}],"collection":[{"href":"https:\/\/www.delphos.com\/it\/wp-json\/wp\/v2\/pages"}],"about":[{"href":"https:\/\/www.delphos.com\/it\/wp-json\/wp\/v2\/types\/page"}],"author":[{"embeddable":true,"href":"https:\/\/www.delphos.com\/it\/wp-json\/wp\/v2\/users\/337"}],"replies":[{"embeddable":true,"href":"https:\/\/www.delphos.com\/it\/wp-json\/wp\/v2\/comments?post=3973"}],"version-history":[{"count":3,"href":"https:\/\/www.delphos.com\/it\/wp-json\/wp\/v2\/pages\/3973\/revisions"}],"predecessor-version":[{"id":136883,"href":"https:\/\/www.delphos.com\/it\/wp-json\/wp\/v2\/pages\/3973\/revisions\/136883"}],"wp:attachment":[{"href":"https:\/\/www.delphos.com\/it\/wp-json\/wp\/v2\/media?parent=3973"}],"curies":[{"name":"wp","href":"https:\/\/api.w.org\/{rel}","templated":true}]}}